{"id":5233,"date":"2026-01-25T12:19:09","date_gmt":"2026-01-25T12:19:09","guid":{"rendered":"https:\/\/theairpeople.fr\/?page_id=5233"},"modified":"2026-03-17T18:03:56","modified_gmt":"2026-03-17T18:03:56","slug":"request-a-quote","status":"publish","type":"page","link":"https:\/\/theairpeople.fr\/fr\/request-a-quote\/","title":{"rendered":"Demande de devis"},"content":{"rendered":"\t\t<div data-elementor-type=\"wp-page\" data-elementor-id=\"5233\" class=\"elementor elementor-5233\">\n\t\t\t\t<div class=\"elementor-element elementor-element-cc8274e e-flex e-con-boxed e-con e-parent\" data-id=\"cc8274e\" data-element_type=\"container\" data-e-type=\"container\" data-settings=\"{&quot;background_background&quot;:&quot;classic&quot;}\">\n\t\t\t\t\t<div class=\"e-con-inner\">\n\t\t<div class=\"elementor-element elementor-element-ff0350e e-con-full e-flex e-con e-child\" data-id=\"ff0350e\" data-element_type=\"container\" data-e-type=\"container\">\n\t\t\t\t<div class=\"elementor-element elementor-element-c4bfa52 elementor-widget elementor-widget-gum_heading\" data-id=\"c4bfa52\" data-element_type=\"widget\" data-e-type=\"widget\" data-widget_type=\"gum_heading.default\">\n\t\t\t\t<div class=\"elementor-widget-container\">\n\t\t\t\t\t<div class=\"gum-widget-title\"><h2 class=\"section-main-title size-default\"><span class=\"prefix\"><\/span><span class=\"maintitle\"> Demander un devis<\/span><span class=\"subfix\"><\/span><\/h2><\/div>\t\t\t\t<\/div>\n\t\t\t\t<\/div>\n\t\t\t\t<div class=\"elementor-element elementor-element-a6e9283 elementor-icon-list--layout-inline elementor-align-start elementor-icon-list-ico-position-10 elementor-list-item-link-full_width elementor-widget elementor-widget-icon-list\" data-id=\"a6e9283\" data-element_type=\"widget\" data-e-type=\"widget\" data-widget_type=\"icon-list.default\">\n\t\t\t\t<div class=\"elementor-widget-container\">\n\t\t\t\t\t\t\t<ul class=\"elementor-icon-list-items elementor-inline-items\">\n\t\t\t\t\t\t\t<li class=\"elementor-icon-list-item elementor-inline-item\">\n\t\t\t\t\t\t\t\t\t\t\t<span class=\"elementor-icon-list-icon\">\n\t\t\t\t\t\t\t<svg aria-hidden=\"true\" class=\"e-font-icon-svg e-fas-arrow-right\" viewBox=\"0 0 448 512\" xmlns=\"http:\/\/www.w3.org\/2000\/svg\"><path d=\"M190.5 66.9l22.2-22.2c9.4-9.4 24.6-9.4 33.9 0L441 239c9.4 9.4 9.4 24.6 0 33.9L246.6 467.3c-9.4 9.4-24.6 9.4-33.9 0l-22.2-22.2c-9.5-9.5-9.3-25 .4-34.3L311.4 296H24c-13.3 0-24-10.7-24-24v-32c0-13.3 10.7-24 24-24h287.4L190.9 101.2c-9.8-9.3-10-24.8-.4-34.3z\"><\/path><\/svg>\t\t\t\t\t\t<\/span>\n\t\t\t\t\t\t\t\t\t\t<span class=\"elementor-icon-list-text\"> Accueil<\/span>\n\t\t\t\t\t\t\t\t\t<\/li>\n\t\t\t\t\t\t\t\t<li class=\"elementor-icon-list-item elementor-inline-item\">\n\t\t\t\t\t\t\t\t\t\t<span class=\"elementor-icon-list-text\"> Tarifs<\/span>\n\t\t\t\t\t\t\t\t\t<\/li>\n\t\t\t\t\t\t<\/ul>\n\t\t\t\t\t\t<\/div>\n\t\t\t\t<\/div>\n\t\t\t\t<\/div>\n\t\t\t\t\t<\/div>\n\t\t\t\t<\/div>\n\t\t<div class=\"elementor-element elementor-element-2e36eca e-flex e-con-boxed e-con e-parent\" data-id=\"2e36eca\" data-element_type=\"container\" data-e-type=\"container\">\n\t\t\t\t\t<div class=\"e-con-inner\">\n\t\t\t\t<div class=\"elementor-element elementor-element-5d767f1 elementor-button-align-stretch elementor-widget elementor-widget-form\" data-id=\"5d767f1\" data-element_type=\"widget\" data-e-type=\"widget\" data-settings=\"{&quot;step_next_label&quot;:&quot;Next&quot;,&quot;step_previous_label&quot;:&quot;Previous&quot;,&quot;button_width&quot;:&quot;100&quot;,&quot;step_type&quot;:&quot;number_text&quot;,&quot;step_icon_shape&quot;:&quot;circle&quot;}\" data-widget_type=\"form.default\">\n\t\t\t\t<div class=\"elementor-widget-container\">\n\t\t\t\t\t\t\t<form class=\"elementor-form\" method=\"post\" name=\"New Form\">\n\t\t\t<input type=\"hidden\" name=\"post_id\" value=\"5233\"\/>\n\t\t\t<input type=\"hidden\" name=\"form_id\" value=\"5d767f1\"\/>\n\t\t\t<input type=\"hidden\" name=\"referer_title\" value=\"The AirPeople\" \/>\n\n\t\t\t\n\t\t\t<div class=\"elementor-form-fields-wrapper elementor-labels-above\">\n\t\t\t\t\t\t\t\t<div class=\"elementor-field-type-text elementor-field-group elementor-column elementor-field-group-name elementor-col-50 elementor-field-required\">\n\t\t\t\t\t<label for=\"form-field-name\" class=\"elementor-field-label\"> Pr\u00e9nom<\/label><input size=\"1\" type=\"text\" name=\"form_fields[name]\" id=\"form-field-name\" class=\"elementor-field elementor-size-md  elementor-field-textual\" placeholder=\" Pr\u00e9nom\" required=\"required\" aria-required=\"true\">\t\t\t\t<\/div>\n\t\t\t\t\t\t\t\t<div class=\"elementor-field-type-text elementor-field-group elementor-column elementor-field-group-field_d879a1a elementor-col-50 elementor-field-required\">\n\t\t\t\t\t<label for=\"form-field-field_d879a1a\" class=\"elementor-field-label\"> Nom de famille<\/label><input size=\"1\" type=\"text\" name=\"form_fields[field_d879a1a]\" id=\"form-field-field_d879a1a\" class=\"elementor-field elementor-size-md  elementor-field-textual\" placeholder=\" Nom de famille\" required=\"required\" aria-required=\"true\">\t\t\t\t<\/div>\n\t\t\t\t\t\t\t\t<div class=\"elementor-field-type-email elementor-field-group elementor-column elementor-field-group-email elementor-col-100 elementor-field-required\">\n\t\t\t\t\t<label for=\"form-field-email\" class=\"elementor-field-label\">Email<\/label><input size=\"1\" type=\"email\" name=\"form_fields[email]\" id=\"form-field-email\" class=\"elementor-field elementor-size-md  elementor-field-textual\" placeholder=\"Email\" required=\"required\" aria-required=\"true\">\t\t\t\t<\/div>\n\t\t\t\t\t\t\t\t<div class=\"elementor-field-type-tel elementor-field-group elementor-column elementor-field-group-field_664354d elementor-col-50 elementor-field-required\">\n\t\t\t\t\t<label for=\"form-field-field_664354d\" class=\"elementor-field-label\"> Num\u00e9ro de t\u00e9l\u00e9phone<\/label><input size=\"1\" type=\"tel\" name=\"form_fields[field_664354d]\" id=\"form-field-field_664354d\" class=\"elementor-field elementor-size-md  elementor-field-textual\" placeholder=\" Num\u00e9ro de t\u00e9l\u00e9phone\" required=\"required\" aria-required=\"true\" pattern=\"[0-9()#&amp;+*-=.]+\" title=\"Only numbers and phone characters (#, -, *, etc) are accepted.\">\t\t\t\t<\/div>\n\t\t\t\t\t\t\t\t<div class=\"elementor-field-type-text elementor-field-group elementor-column elementor-field-group-field_1be7a72 elementor-col-50 elementor-field-required\">\n\t\t\t\t\t<label for=\"form-field-field_1be7a72\" class=\"elementor-field-label\"> Lieu<\/label><input size=\"1\" type=\"text\" name=\"form_fields[field_1be7a72]\" id=\"form-field-field_1be7a72\" class=\"elementor-field elementor-size-md  elementor-field-textual\" placeholder=\" Lieu\" required=\"required\" aria-required=\"true\">\t\t\t\t<\/div>\n\t\t\t\t\t\t\t\t<div class=\"elementor-field-type-select elementor-field-group elementor-column elementor-field-group-field_08fd788 elementor-col-50 elementor-field-required\">\n\t\t\t\t\t<label for=\"form-field-field_08fd788\" class=\"elementor-field-label\"> S\u00e9lectionnez un service<\/label>\t\t<div class=\"elementor-field elementor-select-wrapper \">\n\t\t\t<select name=\"form_fields[field_08fd788]\" id=\"form-field-field_08fd788\" class=\"elementor-field-textual elementor-size-md\" required=\"required\" aria-required=\"true\">\n\t\t\t\t<option value=\" --S\u00e9lectionner--\"> --S\u00e9lectionner--<\/option><option value=\"\"><\/option><option value=\"Chantier\">Chantier<\/option><option value=\"\"><\/option><option value=\"B\u00e2timent &amp; inspection de toiture\">B\u00e2timent &amp; inspection de toiture<\/option><option value=\"\"><\/option><option value=\"Agriculture\">Agriculture<\/option><option value=\"\"><\/option><option value=\"\u00c9v\u00e9nement\">\u00c9v\u00e9nement<\/option><option value=\"\"><\/option><option value=\"Vol de nuit\">Vol de nuit<\/option><option value=\"\"><\/option><option value=\"Industrie\">Industrie<\/option><option value=\"\"><\/option><option value=\"Autre\">Autre<\/option>\t\t\t<\/select>\n\t\t<\/div>\n\t\t\t\t\t\t<\/div>\n\t\t\t\t\t\t\t\t<div class=\"elementor-field-type-text elementor-field-group elementor-column elementor-field-group-field_9047873 elementor-col-50 elementor-field-required\">\n\t\t\t\t\t<label for=\"form-field-field_9047873\" class=\"elementor-field-label\"> Budget maximum<\/label><input size=\"1\" type=\"text\" name=\"form_fields[field_9047873]\" id=\"form-field-field_9047873\" class=\"elementor-field elementor-size-md  elementor-field-textual\" placeholder=\" Budget maximum\" required=\"required\" aria-required=\"true\">\t\t\t\t<\/div>\n\t\t\t\t\t\t\t\t<div class=\"elementor-field-type-textarea elementor-field-group elementor-column elementor-field-group-message elementor-col-100\">\n\t\t\t\t\t<label for=\"form-field-message\" class=\"elementor-field-label\"> Informations compl\u00e9mentaires<\/label><textarea class=\"elementor-field-textual elementor-field  elementor-size-md\" name=\"form_fields[message]\" id=\"form-field-message\" rows=\"4\" placeholder=\"Message\"><\/textarea>\t\t\t\t<\/div>\n\t\t\t\t\t\t\t\t<div class=\"elementor-field-group elementor-column elementor-field-type-submit elementor-col-100 e-form__buttons\">\n\t\t\t\t\t<button type=\"submit\" class=\"elementor-button elementor-size-md\">\n\t\t\t\t\t\t<span >\n\t\t\t\t\t\t\t\t\t\t\t\t\t\t\t<span class=\" elementor-button-icon\">\n\t\t\t\t\t\t\t\t\t\t\t\t\t\t\t\t\t\t\t\t\t\t\t\t\t\t<\/span>\n\t\t\t\t\t\t\t\t\t\t\t\t\t\t\t\t\t\t\t\t\t\t<span class=\"elementor-button-text\"> Envoyer<\/span>\n\t\t\t\t\t\t\t\t\t\t\t\t\t<\/span>\n\t\t\t\t\t<\/button>\n\t\t\t\t<\/div>\n\t\t\t<\/div>\n\t\t<\/form>\n\t\t\t\t\t\t<\/div>\n\t\t\t\t<\/div>\n\t\t\t\t\t<\/div>\n\t\t\t\t<\/div>\n\t\t\t\t<\/div>\n\t\t","protected":false},"excerpt":{"rendered":"<p>Demander un devis Accueil Tarifs<\/p>","protected":false},"author":192361856,"featured_media":0,"parent":0,"menu_order":0,"comment_status":"closed","ping_status":"closed","template":"elementor_header_footer","meta":{"footnotes":""},"class_list":["post-5233","page","type-page","status-publish","hentry"],"yoast_head":"<!-- This site is optimized with the Yoast SEO plugin v27.4 - https:\/\/yoast.com\/product\/yoast-seo-wordpress\/ -->\n<title>Request A Quote - The AirPeople<\/title>\n<meta name=\"robots\" content=\"index, follow, max-snippet:-1, max-image-preview:large, max-video-preview:-1\" \/>\n<link rel=\"canonical\" href=\"https:\/\/theairpeople.fr\/fr\/request-a-quote\/\" \/>\n<meta property=\"og:locale\" content=\"fr_FR\" \/>\n<meta property=\"og:type\" content=\"article\" \/>\n<meta property=\"og:title\" content=\"Request A Quote - The AirPeople\" \/>\n<meta property=\"og:description\" content=\"Demander un devis Accueil Tarifs\" \/>\n<meta property=\"og:url\" content=\"https:\/\/theairpeople.fr\/fr\/request-a-quote\/\" \/>\n<meta property=\"og:site_name\" content=\"The AirPeople\" \/>\n<meta property=\"article:modified_time\" content=\"2026-03-17T18:03:56+00:00\" \/>\n<meta name=\"twitter:card\" content=\"summary_large_image\" \/>\n<meta name=\"twitter:label1\" content=\"Dur\u00e9e de lecture estim\u00e9e\" \/>\n\t<meta name=\"twitter:data1\" content=\"1 minute\" \/>\n<script type=\"application\/ld+json\" class=\"yoast-schema-graph\">{\"@context\":\"https:\\\/\\\/schema.org\",\"@graph\":[{\"@type\":\"WebPage\",\"@id\":\"https:\\\/\\\/theairpeople.fr\\\/request-a-quote\\\/\",\"url\":\"https:\\\/\\\/theairpeople.fr\\\/request-a-quote\\\/\",\"name\":\"Request A Quote - The AirPeople\",\"isPartOf\":{\"@id\":\"https:\\\/\\\/theairpeople.fr\\\/#website\"},\"datePublished\":\"2026-01-25T12:19:09+00:00\",\"dateModified\":\"2026-03-17T18:03:56+00:00\",\"breadcrumb\":{\"@id\":\"https:\\\/\\\/theairpeople.fr\\\/request-a-quote\\\/#breadcrumb\"},\"inLanguage\":\"fr-FR\",\"potentialAction\":[{\"@type\":\"ReadAction\",\"target\":[\"https:\\\/\\\/theairpeople.fr\\\/request-a-quote\\\/\"]}]},{\"@type\":\"BreadcrumbList\",\"@id\":\"https:\\\/\\\/theairpeople.fr\\\/request-a-quote\\\/#breadcrumb\",\"itemListElement\":[{\"@type\":\"ListItem\",\"position\":1,\"name\":\"Home\",\"item\":\"https:\\\/\\\/theairpeople.fr\\\/\"},{\"@type\":\"ListItem\",\"position\":2,\"name\":\"Request A Quote\"}]},{\"@type\":\"WebSite\",\"@id\":\"https:\\\/\\\/theairpeople.fr\\\/#website\",\"url\":\"https:\\\/\\\/theairpeople.fr\\\/\",\"name\":\"The AirPeople\",\"description\":\"Aerial Drone Operators\",\"publisher\":{\"@id\":\"https:\\\/\\\/theairpeople.fr\\\/#organization\"},\"potentialAction\":[{\"@type\":\"SearchAction\",\"target\":{\"@type\":\"EntryPoint\",\"urlTemplate\":\"https:\\\/\\\/theairpeople.fr\\\/?s={search_term_string}\"},\"query-input\":{\"@type\":\"PropertyValueSpecification\",\"valueRequired\":true,\"valueName\":\"search_term_string\"}}],\"inLanguage\":\"fr-FR\"},{\"@type\":\"Organization\",\"@id\":\"https:\\\/\\\/theairpeople.fr\\\/#organization\",\"name\":\"The AirPeople\",\"url\":\"https:\\\/\\\/theairpeople.fr\\\/\",\"logo\":{\"@type\":\"ImageObject\",\"inLanguage\":\"fr-FR\",\"@id\":\"https:\\\/\\\/theairpeople.fr\\\/#\\\/schema\\\/logo\\\/image\\\/\",\"url\":\"https:\\\/\\\/theairpeople.fr\\\/wp-content\\\/uploads\\\/2023\\\/12\\\/logo__Resize.jpg\",\"contentUrl\":\"https:\\\/\\\/theairpeople.fr\\\/wp-content\\\/uploads\\\/2023\\\/12\\\/logo__Resize.jpg\",\"width\":179,\"height\":182,\"caption\":\"The AirPeople\"},\"image\":{\"@id\":\"https:\\\/\\\/theairpeople.fr\\\/#\\\/schema\\\/logo\\\/image\\\/\"}}]}<\/script>\n<!-- \/ Yoast SEO plugin. -->","yoast_head_json":{"title":"Request A Quote - The AirPeople","robots":{"index":"index","follow":"follow","max-snippet":"max-snippet:-1","max-image-preview":"max-image-preview:large","max-video-preview":"max-video-preview:-1"},"canonical":"https:\/\/theairpeople.fr\/fr\/request-a-quote\/","og_locale":"fr_FR","og_type":"article","og_title":"Request A Quote - The AirPeople","og_description":"Demander un devis Accueil Tarifs","og_url":"https:\/\/theairpeople.fr\/fr\/request-a-quote\/","og_site_name":"The AirPeople","article_modified_time":"2026-03-17T18:03:56+00:00","twitter_card":"summary_large_image","twitter_misc":{"Dur\u00e9e de lecture estim\u00e9e":"1 minute"},"schema":{"@context":"https:\/\/schema.org","@graph":[{"@type":"WebPage","@id":"https:\/\/theairpeople.fr\/request-a-quote\/","url":"https:\/\/theairpeople.fr\/request-a-quote\/","name":"Request A Quote - The AirPeople","isPartOf":{"@id":"https:\/\/theairpeople.fr\/#website"},"datePublished":"2026-01-25T12:19:09+00:00","dateModified":"2026-03-17T18:03:56+00:00","breadcrumb":{"@id":"https:\/\/theairpeople.fr\/request-a-quote\/#breadcrumb"},"inLanguage":"fr-FR","potentialAction":[{"@type":"ReadAction","target":["https:\/\/theairpeople.fr\/request-a-quote\/"]}]},{"@type":"BreadcrumbList","@id":"https:\/\/theairpeople.fr\/request-a-quote\/#breadcrumb","itemListElement":[{"@type":"ListItem","position":1,"name":"Home","item":"https:\/\/theairpeople.fr\/"},{"@type":"ListItem","position":2,"name":"Request A Quote"}]},{"@type":"WebSite","@id":"https:\/\/theairpeople.fr\/#website","url":"https:\/\/theairpeople.fr\/","name":"The AirPeople","description":"Aerial Drone Operators","publisher":{"@id":"https:\/\/theairpeople.fr\/#organization"},"potentialAction":[{"@type":"SearchAction","target":{"@type":"EntryPoint","urlTemplate":"https:\/\/theairpeople.fr\/?s={search_term_string}"},"query-input":{"@type":"PropertyValueSpecification","valueRequired":true,"valueName":"search_term_string"}}],"inLanguage":"fr-FR"},{"@type":"Organization","@id":"https:\/\/theairpeople.fr\/#organization","name":"The AirPeople","url":"https:\/\/theairpeople.fr\/","logo":{"@type":"ImageObject","inLanguage":"fr-FR","@id":"https:\/\/theairpeople.fr\/#\/schema\/logo\/image\/","url":"https:\/\/theairpeople.fr\/wp-content\/uploads\/2023\/12\/logo__Resize.jpg","contentUrl":"https:\/\/theairpeople.fr\/wp-content\/uploads\/2023\/12\/logo__Resize.jpg","width":179,"height":182,"caption":"The AirPeople"},"image":{"@id":"https:\/\/theairpeople.fr\/#\/schema\/logo\/image\/"}}]}},"jetpack_likes_enabled":true,"jetpack_sharing_enabled":true,"jetpack_shortlink":"https:\/\/wp.me\/Pgnzr5-1mp","_links":{"self":[{"href":"https:\/\/theairpeople.fr\/fr\/wp-json\/wp\/v2\/pages\/5233","targetHints":{"allow":["GET"]}}],"collection":[{"href":"https:\/\/theairpeople.fr\/fr\/wp-json\/wp\/v2\/pages"}],"about":[{"href":"https:\/\/theairpeople.fr\/fr\/wp-json\/wp\/v2\/types\/page"}],"author":[{"embeddable":true,"href":"https:\/\/theairpeople.fr\/fr\/wp-json\/wp\/v2\/users\/192361856"}],"replies":[{"embeddable":true,"href":"https:\/\/theairpeople.fr\/fr\/wp-json\/wp\/v2\/comments?post=5233"}],"version-history":[{"count":79,"href":"https:\/\/theairpeople.fr\/fr\/wp-json\/wp\/v2\/pages\/5233\/revisions"}],"predecessor-version":[{"id":6395,"href":"https:\/\/theairpeople.fr\/fr\/wp-json\/wp\/v2\/pages\/5233\/revisions\/6395"}],"wp:attachment":[{"href":"https:\/\/theairpeople.fr\/fr\/wp-json\/wp\/v2\/media?parent=5233"}],"curies":[{"name":"wp","href":"https:\/\/api.w.org\/{rel}","templated":true}]}}