{"id":5448,"date":"2026-02-09T07:28:48","date_gmt":"2026-02-09T07:28:48","guid":{"rendered":"https:\/\/theairpeople.fr\/?page_id=5448"},"modified":"2026-03-04T21:14:18","modified_gmt":"2026-03-04T21:14:18","slug":"our-gallery","status":"publish","type":"page","link":"https:\/\/theairpeople.fr\/fr\/our-gallery\/","title":{"rendered":"Notre galerie"},"content":{"rendered":"<div data-elementor-type=\"wp-page\" data-elementor-id=\"5448\" class=\"elementor elementor-5448\">\n\t\t\t\t<div class=\"elementor-element elementor-element-4ca88e6 e-flex e-con-boxed e-con e-parent\" data-id=\"4ca88e6\" data-element_type=\"container\" data-e-type=\"container\" data-settings=\"{&quot;background_background&quot;:&quot;classic&quot;}\">\n\t\t\t\t\t<div class=\"e-con-inner\">\n\t\t<div class=\"elementor-element elementor-element-55e82e4 e-con-full e-flex e-con e-child\" data-id=\"55e82e4\" data-element_type=\"container\" data-e-type=\"container\">\n\t\t\t\t<div class=\"elementor-element elementor-element-0348f6f elementor-widget elementor-widget-gum_heading\" data-id=\"0348f6f\" data-element_type=\"widget\" data-e-type=\"widget\" data-widget_type=\"gum_heading.default\">\n\t\t\t\t<div class=\"elementor-widget-container\">\n\t\t\t\t\t<div class=\"gum-widget-title\"><h2 class=\"section-main-title size-default\"><span class=\"prefix\"><\/span><span class=\"maintitle\"> Notre galerie<\/span><span class=\"subfix\"><\/span><\/h2><\/div>\t\t\t\t<\/div>\n\t\t\t\t<\/div>\n\t\t\t\t<div class=\"elementor-element elementor-element-eb7e7d8 elementor-icon-list--layout-inline elementor-align-start elementor-icon-list-ico-position-10 elementor-list-item-link-full_width elementor-widget elementor-widget-icon-list\" data-id=\"eb7e7d8\" data-element_type=\"widget\" data-e-type=\"widget\" data-widget_type=\"icon-list.default\">\n\t\t\t\t<div class=\"elementor-widget-container\">\n\t\t\t\t\t\t\t<ul class=\"elementor-icon-list-items elementor-inline-items\">\n\t\t\t\t\t\t\t<li class=\"elementor-icon-list-item elementor-inline-item\">\n\t\t\t\t\t\t\t\t\t\t\t<span class=\"elementor-icon-list-icon\">\n\t\t\t\t\t\t\t<svg aria-hidden=\"true\" class=\"e-font-icon-svg e-fas-arrow-right\" viewbox=\"0 0 448 512\" xmlns=\"http:\/\/www.w3.org\/2000\/svg\"><path d=\"M190.5 66.9l22.2-22.2c9.4-9.4 24.6-9.4 33.9 0L441 239c9.4 9.4 9.4 24.6 0 33.9L246.6 467.3c-9.4 9.4-24.6 9.4-33.9 0l-22.2-22.2c-9.5-9.5-9.3-25 .4-34.3L311.4 296H24c-13.3 0-24-10.7-24-24v-32c0-13.3 10.7-24 24-24h287.4L190.9 101.2c-9.8-9.3-10-24.8-.4-34.3z\"><\/path><\/svg>\t\t\t\t\t\t<\/span>\n\t\t\t\t\t\t\t\t\t\t<span class=\"elementor-icon-list-text\"> Accueil<\/span>\n\t\t\t\t\t\t\t\t\t<\/li>\n\t\t\t\t\t\t\t\t<li class=\"elementor-icon-list-item elementor-inline-item\">\n\t\t\t\t\t\t\t\t\t\t<span class=\"elementor-icon-list-text\">  Notre galerie<\/span>\n\t\t\t\t\t\t\t\t\t<\/li>\n\t\t\t\t\t\t<\/ul>\n\t\t\t\t\t\t<\/div>\n\t\t\t\t<\/div>\n\t\t\t\t<\/div>\n\t\t\t\t\t<\/div>\n\t\t\t\t<\/div>\n\t\t<div class=\"elementor-element elementor-element-8bc7127 e-flex e-con-boxed e-con e-parent\" data-id=\"8bc7127\" data-element_type=\"container\" data-e-type=\"container\">\n\t\t\t\t\t<div class=\"e-con-inner\">\n\t\t\t\t<div class=\"elementor-element elementor-element-7df0c25 elementor-widget elementor-widget-heading\" data-id=\"7df0c25\" data-element_type=\"widget\" data-e-type=\"widget\" data-widget_type=\"heading.default\">\n\t\t\t\t<div class=\"elementor-widget-container\">\n\t\t\t\t\t<h2 class=\"elementor-heading-title elementor-size-default\"> Galerie\n<\/h2>\t\t\t\t<\/div>\n\t\t\t\t<\/div>\n\t\t\t\t<div class=\"elementor-element elementor-element-0edeeb9 elementor-widget elementor-widget-text-editor\" data-id=\"0edeeb9\" data-element_type=\"widget\" data-e-type=\"widget\" data-widget_type=\"text-editor.default\">\n\t\t\t\t<div class=\"elementor-widget-container\">\n\t\t\t\t\t\t\t\t\t<p>Les Airpeople r\u00e9alisent des photos et vid\u00e9os a\u00e9riennes de votre site. Voici quelques exemples de notre travail !<br data-start=\"188\" data-end=\"191\" \/>(\u00a9 Toutes les vid\u00e9os et images sont la propri\u00e9t\u00e9 des Airpeople)<\/p>\t\t\t\t\t\t\t\t<\/div>\n\t\t\t\t<\/div>\n\t\t<div class=\"elementor-element elementor-element-3f4fca4 e-con-full e-flex e-con e-child\" data-id=\"3f4fca4\" data-element_type=\"container\" data-e-type=\"container\">\n\t\t<div class=\"elementor-element elementor-element-a41b42b e-con-full e-flex e-con e-child\" data-id=\"a41b42b\" data-element_type=\"container\" data-e-type=\"container\">\n\t\t\t\t<div class=\"elementor-element elementor-element-1858f8f elementor-widget elementor-widget-image\" data-id=\"1858f8f\" data-element_type=\"widget\" data-e-type=\"widget\" data-widget_type=\"image.default\">\n\t\t\t\t<div class=\"elementor-widget-container\">\n\t\t\t\t\t\t\t\t\t\t\t\t\t\t\t<img fetchpriority=\"high\" decoding=\"async\" data-attachment-id=\"5474\" data-permalink=\"https:\/\/theairpeople.fr\/fr\/our-gallery\/afcwimbledon2-6f6b9f17-2\/\" data-orig-file=\"https:\/\/theairpeople.fr\/wp-content\/uploads\/2026\/02\/afcwimbledon2-6f6b9f17-2.jpg\" data-orig-size=\"1920,1080\" data-comments-opened=\"1\" data-image-meta=\"{&quot;aperture&quot;:&quot;0&quot;,&quot;credit&quot;:&quot;&quot;,&quot;camera&quot;:&quot;&quot;,&quot;caption&quot;:&quot;&quot;,&quot;created_timestamp&quot;:&quot;0&quot;,&quot;copyright&quot;:&quot;&quot;,&quot;focal_length&quot;:&quot;0&quot;,&quot;iso&quot;:&quot;0&quot;,&quot;shutter_speed&quot;:&quot;0&quot;,&quot;title&quot;:&quot;&quot;,&quot;orientation&quot;:&quot;0&quot;}\" data-image-title=\"afcwimbledon2-6f6b9f17 (2)\" data-image-description=\"\" data-image-caption=\"\" data-large-file=\"https:\/\/theairpeople.fr\/wp-content\/uploads\/2026\/02\/afcwimbledon2-6f6b9f17-2-1024x576.jpg\" width=\"1024\" height=\"576\" src=\"https:\/\/theairpeople.fr\/wp-content\/uploads\/2026\/02\/afcwimbledon2-6f6b9f17-2-1024x576.jpg\" class=\"attachment-large size-large wp-image-5474\" alt=\"\" srcset=\"https:\/\/theairpeople.fr\/wp-content\/uploads\/2026\/02\/afcwimbledon2-6f6b9f17-2-1024x576.jpg 1024w, https:\/\/theairpeople.fr\/wp-content\/uploads\/2026\/02\/afcwimbledon2-6f6b9f17-2-300x169.jpg 300w, https:\/\/theairpeople.fr\/wp-content\/uploads\/2026\/02\/afcwimbledon2-6f6b9f17-2-768x432.jpg 768w, https:\/\/theairpeople.fr\/wp-content\/uploads\/2026\/02\/afcwimbledon2-6f6b9f17-2-1536x864.jpg 1536w, https:\/\/theairpeople.fr\/wp-content\/uploads\/2026\/02\/afcwimbledon2-6f6b9f17-2.jpg 1920w\" sizes=\"(max-width: 1024px) 100vw, 1024px\" \/>\t\t\t\t\t\t\t\t\t\t\t\t\t\t\t<\/div>\n\t\t\t\t<\/div>\n\t\t\t\t<div class=\"elementor-element elementor-element-1da7922 elementor-align-justify elementor-widget elementor-widget-button\" data-id=\"1da7922\" data-element_type=\"widget\" data-e-type=\"widget\" data-widget_type=\"button.default\">\n\t\t\t\t<div class=\"elementor-widget-container\">\n\t\t\t\t\t\t\t\t\t<div class=\"elementor-button-wrapper\">\n\t\t\t\t\t<a class=\"elementor-button elementor-button-link elementor-size-sm\" href=\"https:\/\/theairpeople.fr\/fr\/construction\/\">\n\t\t\t\t\t\t<span class=\"elementor-button-content-wrapper\">\n\t\t\t\t\t\t\t\t\t<span class=\"elementor-button-text\"> La construction<\/span>\n\t\t\t\t\t<\/span>\n\t\t\t\t\t<\/a>\n\t\t\t\t<\/div>\n\t\t\t\t\t\t\t\t<\/div>\n\t\t\t\t<\/div>\n\t\t\t\t<\/div>\n\t\t<div class=\"elementor-element elementor-element-15e76aa e-con-full e-flex e-con e-child\" data-id=\"15e76aa\" data-element_type=\"container\" data-e-type=\"container\">\n\t\t\t\t<div class=\"elementor-element elementor-element-4d9e8bd elementor-widget elementor-widget-image\" data-id=\"4d9e8bd\" data-element_type=\"widget\" data-e-type=\"widget\" data-widget_type=\"image.default\">\n\t\t\t\t<div class=\"elementor-widget-container\">\n\t\t\t\t\t\t\t\t\t\t\t\t\t\t\t<img decoding=\"async\" data-attachment-id=\"5473\" data-permalink=\"https:\/\/theairpeople.fr\/fr\/our-gallery\/clapham-fair-copy-3-1\/\" data-orig-file=\"https:\/\/theairpeople.fr\/wp-content\/uploads\/2026\/02\/Clapham-Fair-copy-3-1.webp\" data-orig-size=\"768,434\" data-comments-opened=\"1\" data-image-meta=\"{&quot;aperture&quot;:&quot;0&quot;,&quot;credit&quot;:&quot;&quot;,&quot;camera&quot;:&quot;&quot;,&quot;caption&quot;:&quot;&quot;,&quot;created_timestamp&quot;:&quot;0&quot;,&quot;copyright&quot;:&quot;&quot;,&quot;focal_length&quot;:&quot;0&quot;,&quot;iso&quot;:&quot;0&quot;,&quot;shutter_speed&quot;:&quot;0&quot;,&quot;title&quot;:&quot;&quot;,&quot;orientation&quot;:&quot;0&quot;}\" data-image-title=\"Clapham-Fair-copy-3 (1)\" data-image-description=\"\" data-image-caption=\"\" data-large-file=\"https:\/\/theairpeople.fr\/wp-content\/uploads\/2026\/02\/Clapham-Fair-copy-3-1.webp\" width=\"768\" height=\"434\" src=\"https:\/\/theairpeople.fr\/wp-content\/uploads\/2026\/02\/Clapham-Fair-copy-3-1.webp\" class=\"attachment-large size-large wp-image-5473\" alt=\"\" srcset=\"https:\/\/theairpeople.fr\/wp-content\/uploads\/2026\/02\/Clapham-Fair-copy-3-1.webp 768w, https:\/\/theairpeople.fr\/wp-content\/uploads\/2026\/02\/Clapham-Fair-copy-3-1-300x170.webp 300w\" sizes=\"(max-width: 768px) 100vw, 768px\" \/>\t\t\t\t\t\t\t\t\t\t\t\t\t\t\t<\/div>\n\t\t\t\t<\/div>\n\t\t\t\t<div class=\"elementor-element elementor-element-6ef42a5 elementor-align-justify elementor-widget elementor-widget-button\" data-id=\"6ef42a5\" data-element_type=\"widget\" data-e-type=\"widget\" data-widget_type=\"button.default\">\n\t\t\t\t<div class=\"elementor-widget-container\">\n\t\t\t\t\t\t\t\t\t<div class=\"elementor-button-wrapper\">\n\t\t\t\t\t<a class=\"elementor-button elementor-button-link elementor-size-sm\" href=\"https:\/\/theairpeople.fr\/fr\/night-flying\/\">\n\t\t\t\t\t\t<span class=\"elementor-button-content-wrapper\">\n\t\t\t\t\t\t\t\t\t<span class=\"elementor-button-text\"> Vol de nuit<\/span>\n\t\t\t\t\t<\/span>\n\t\t\t\t\t<\/a>\n\t\t\t\t<\/div>\n\t\t\t\t\t\t\t\t<\/div>\n\t\t\t\t<\/div>\n\t\t\t\t<\/div>\n\t\t<div class=\"elementor-element elementor-element-3bce4b1 e-con-full e-flex e-con e-child\" data-id=\"3bce4b1\" data-element_type=\"container\" data-e-type=\"container\">\n\t\t\t\t<div class=\"elementor-element elementor-element-c5565d2 elementor-widget elementor-widget-image\" data-id=\"c5565d2\" data-element_type=\"widget\" data-e-type=\"widget\" data-widget_type=\"image.default\">\n\t\t\t\t<div class=\"elementor-widget-container\">\n\t\t\t\t\t\t\t\t\t\t\t\t\t\t\t<img decoding=\"async\" data-attachment-id=\"5472\" data-permalink=\"https:\/\/theairpeople.fr\/fr\/our-gallery\/sevenoaksimage4-adbce9ac-2\/\" data-orig-file=\"https:\/\/theairpeople.fr\/wp-content\/uploads\/2026\/02\/sevenoaksimage4-adbce9ac.jpg\" data-orig-size=\"1920,1080\" data-comments-opened=\"1\" data-image-meta=\"{&quot;aperture&quot;:&quot;0&quot;,&quot;credit&quot;:&quot;&quot;,&quot;camera&quot;:&quot;&quot;,&quot;caption&quot;:&quot;&quot;,&quot;created_timestamp&quot;:&quot;0&quot;,&quot;copyright&quot;:&quot;&quot;,&quot;focal_length&quot;:&quot;0&quot;,&quot;iso&quot;:&quot;0&quot;,&quot;shutter_speed&quot;:&quot;0&quot;,&quot;title&quot;:&quot;&quot;,&quot;orientation&quot;:&quot;0&quot;}\" data-image-title=\"sevenoaksimage4-adbce9ac\" data-image-description=\"\" data-image-caption=\"\" data-large-file=\"https:\/\/theairpeople.fr\/wp-content\/uploads\/2026\/02\/sevenoaksimage4-adbce9ac-1024x576.jpg\" width=\"1024\" height=\"576\" src=\"https:\/\/theairpeople.fr\/wp-content\/uploads\/2026\/02\/sevenoaksimage4-adbce9ac-1024x576.jpg\" class=\"attachment-large size-large wp-image-5472\" alt=\"\" srcset=\"https:\/\/theairpeople.fr\/wp-content\/uploads\/2026\/02\/sevenoaksimage4-adbce9ac-1024x576.jpg 1024w, https:\/\/theairpeople.fr\/wp-content\/uploads\/2026\/02\/sevenoaksimage4-adbce9ac-300x169.jpg 300w, https:\/\/theairpeople.fr\/wp-content\/uploads\/2026\/02\/sevenoaksimage4-adbce9ac-768x432.jpg 768w, https:\/\/theairpeople.fr\/wp-content\/uploads\/2026\/02\/sevenoaksimage4-adbce9ac-1536x864.jpg 1536w, https:\/\/theairpeople.fr\/wp-content\/uploads\/2026\/02\/sevenoaksimage4-adbce9ac.jpg 1920w\" sizes=\"(max-width: 1024px) 100vw, 1024px\" \/>\t\t\t\t\t\t\t\t\t\t\t\t\t\t\t<\/div>\n\t\t\t\t<\/div>\n\t\t\t\t<div class=\"elementor-element elementor-element-4b037f9 elementor-align-justify elementor-widget elementor-widget-button\" data-id=\"4b037f9\" data-element_type=\"widget\" data-e-type=\"widget\" data-widget_type=\"button.default\">\n\t\t\t\t<div class=\"elementor-widget-container\">\n\t\t\t\t\t\t\t\t\t<div class=\"elementor-button-wrapper\">\n\t\t\t\t\t<a class=\"elementor-button elementor-button-link elementor-size-sm\" href=\"https:\/\/theairpeople.fr\/fr\/drone-roof-inspections\/\">\n\t\t\t\t\t\t<span class=\"elementor-button-content-wrapper\">\n\t\t\t\t\t\t\t\t\t<span class=\"elementor-button-text\"> Inspection de toiture par drone<\/span>\n\t\t\t\t\t<\/span>\n\t\t\t\t\t<\/a>\n\t\t\t\t<\/div>\n\t\t\t\t\t\t\t\t<\/div>\n\t\t\t\t<\/div>\n\t\t\t\t<\/div>\n\t\t<div class=\"elementor-element elementor-element-287fee5 e-con-full e-flex e-con e-child\" data-id=\"287fee5\" data-element_type=\"container\" data-e-type=\"container\">\n\t\t\t\t<div class=\"elementor-element elementor-element-78f0be2 elementor-widget elementor-widget-image\" data-id=\"78f0be2\" data-element_type=\"widget\" data-e-type=\"widget\" data-widget_type=\"image.default\">\n\t\t\t\t<div class=\"elementor-widget-container\">\n\t\t\t\t\t\t\t\t\t\t\t\t\t\t\t<img loading=\"lazy\" decoding=\"async\" data-attachment-id=\"5471\" data-permalink=\"https:\/\/theairpeople.fr\/fr\/our-gallery\/houldsworth-house-chimney-1\/\" data-orig-file=\"https:\/\/theairpeople.fr\/wp-content\/uploads\/2026\/02\/houldsworth-house-chimney-1-scaled.jpg\" data-orig-size=\"2560,1440\" data-comments-opened=\"1\" data-image-meta=\"{&quot;aperture&quot;:&quot;0&quot;,&quot;credit&quot;:&quot;&quot;,&quot;camera&quot;:&quot;&quot;,&quot;caption&quot;:&quot;&quot;,&quot;created_timestamp&quot;:&quot;0&quot;,&quot;copyright&quot;:&quot;&quot;,&quot;focal_length&quot;:&quot;0&quot;,&quot;iso&quot;:&quot;0&quot;,&quot;shutter_speed&quot;:&quot;0&quot;,&quot;title&quot;:&quot;&quot;,&quot;orientation&quot;:&quot;1&quot;}\" data-image-title=\"houldsworth-house-chimney (1)\" data-image-description=\"\" data-image-caption=\"\" data-large-file=\"https:\/\/theairpeople.fr\/wp-content\/uploads\/2026\/02\/houldsworth-house-chimney-1-1024x576.jpg\" width=\"1024\" height=\"576\" src=\"https:\/\/theairpeople.fr\/wp-content\/uploads\/2026\/02\/houldsworth-house-chimney-1-1024x576.jpg\" class=\"attachment-large size-large wp-image-5471\" alt=\"\" srcset=\"https:\/\/theairpeople.fr\/wp-content\/uploads\/2026\/02\/houldsworth-house-chimney-1-1024x576.jpg 1024w, https:\/\/theairpeople.fr\/wp-content\/uploads\/2026\/02\/houldsworth-house-chimney-1-300x169.jpg 300w, https:\/\/theairpeople.fr\/wp-content\/uploads\/2026\/02\/houldsworth-house-chimney-1-768x432.jpg 768w, https:\/\/theairpeople.fr\/wp-content\/uploads\/2026\/02\/houldsworth-house-chimney-1-1536x864.jpg 1536w, https:\/\/theairpeople.fr\/wp-content\/uploads\/2026\/02\/houldsworth-house-chimney-1-2048x1152.jpg 2048w\" sizes=\"(max-width: 1024px) 100vw, 1024px\" \/>\t\t\t\t\t\t\t\t\t\t\t\t\t\t\t<\/div>\n\t\t\t\t<\/div>\n\t\t\t\t<div class=\"elementor-element elementor-element-58102fd elementor-align-justify elementor-widget elementor-widget-button\" data-id=\"58102fd\" data-element_type=\"widget\" data-e-type=\"widget\" data-widget_type=\"button.default\">\n\t\t\t\t<div class=\"elementor-widget-container\">\n\t\t\t\t\t\t\t\t\t<div class=\"elementor-button-wrapper\">\n\t\t\t\t\t<a class=\"elementor-button elementor-button-link elementor-size-sm\" href=\"https:\/\/theairpeople.fr\/fr\/other-project\/\">\n\t\t\t\t\t\t<span class=\"elementor-button-content-wrapper\">\n\t\t\t\t\t\t\t\t\t<span class=\"elementor-button-text\"> Autres projets<\/span>\n\t\t\t\t\t<\/span>\n\t\t\t\t\t<\/a>\n\t\t\t\t<\/div>\n\t\t\t\t\t\t\t\t<\/div>\n\t\t\t\t<\/div>\n\t\t\t\t<\/div>\n\t\t\t\t<\/div>\n\t\t\t\t\t<\/div>\n\t\t\t\t<\/div>\n\t\t\t\t<\/div>","protected":false},"excerpt":{"rendered":"<p>Notre galerie Accueil Notre galerie Galerie Les Airpeople r\u00e9alisent des photos et vid\u00e9os a\u00e9riennes de votre site. Voici quelques exemples de notre travail !(\u00a9 Toutes les vid\u00e9os et images sont la propri\u00e9t\u00e9 des Airpeople) Construction Vol de nuit Inspection de toiture par drone Autres projets<\/p>","protected":false},"author":192361856,"featured_media":0,"parent":0,"menu_order":0,"comment_status":"closed","ping_status":"closed","template":"elementor_header_footer","meta":{"footnotes":""},"class_list":["post-5448","page","type-page","status-publish","hentry"],"yoast_head":"<!-- This site is optimized with the Yoast SEO plugin v27.4 - https:\/\/yoast.com\/product\/yoast-seo-wordpress\/ -->\n<title>Our Gallery - The AirPeople<\/title>\n<meta name=\"robots\" content=\"index, follow, max-snippet:-1, max-image-preview:large, max-video-preview:-1\" \/>\n<link rel=\"canonical\" href=\"https:\/\/theairpeople.fr\/fr\/our-gallery\/\" \/>\n<meta property=\"og:locale\" content=\"fr_FR\" \/>\n<meta property=\"og:type\" content=\"article\" \/>\n<meta property=\"og:title\" content=\"Our Gallery - The AirPeople\" \/>\n<meta property=\"og:description\" content=\"Notre galerie Accueil Notre galerie Galerie Les Airpeople r\u00e9alisent des photos et vid\u00e9os a\u00e9riennes de votre site. Voici quelques exemples de notre travail !(\u00a9 Toutes les vid\u00e9os et images sont la propri\u00e9t\u00e9 des Airpeople) Construction Vol de nuit Inspection de toiture par drone Autres projets\" \/>\n<meta property=\"og:url\" content=\"https:\/\/theairpeople.fr\/fr\/our-gallery\/\" \/>\n<meta property=\"og:site_name\" content=\"The AirPeople\" \/>\n<meta property=\"article:modified_time\" content=\"2026-03-04T21:14:18+00:00\" \/>\n<meta property=\"og:image\" content=\"https:\/\/theairpeople.fr\/wp-content\/uploads\/2026\/02\/afcwimbledon2-6f6b9f17-2.jpg\" \/>\n\t<meta property=\"og:image:width\" content=\"1920\" \/>\n\t<meta property=\"og:image:height\" content=\"1080\" \/>\n\t<meta property=\"og:image:type\" content=\"image\/jpeg\" \/>\n<meta name=\"twitter:card\" content=\"summary_large_image\" \/>\n<meta name=\"twitter:label1\" content=\"Dur\u00e9e de lecture estim\u00e9e\" \/>\n\t<meta name=\"twitter:data1\" content=\"1 minute\" \/>\n<script type=\"application\/ld+json\" class=\"yoast-schema-graph\">{\"@context\":\"https:\\\/\\\/schema.org\",\"@graph\":[{\"@type\":\"WebPage\",\"@id\":\"https:\\\/\\\/theairpeople.fr\\\/our-gallery\\\/\",\"url\":\"https:\\\/\\\/theairpeople.fr\\\/our-gallery\\\/\",\"name\":\"Our Gallery - The AirPeople\",\"isPartOf\":{\"@id\":\"https:\\\/\\\/theairpeople.fr\\\/#website\"},\"primaryImageOfPage\":{\"@id\":\"https:\\\/\\\/theairpeople.fr\\\/our-gallery\\\/#primaryimage\"},\"image\":{\"@id\":\"https:\\\/\\\/theairpeople.fr\\\/our-gallery\\\/#primaryimage\"},\"thumbnailUrl\":\"https:\\\/\\\/theairpeople.fr\\\/wp-content\\\/uploads\\\/2026\\\/02\\\/afcwimbledon2-6f6b9f17-2-1024x576.jpg\",\"datePublished\":\"2026-02-09T07:28:48+00:00\",\"dateModified\":\"2026-03-04T21:14:18+00:00\",\"breadcrumb\":{\"@id\":\"https:\\\/\\\/theairpeople.fr\\\/our-gallery\\\/#breadcrumb\"},\"inLanguage\":\"fr-FR\",\"potentialAction\":[{\"@type\":\"ReadAction\",\"target\":[\"https:\\\/\\\/theairpeople.fr\\\/our-gallery\\\/\"]}]},{\"@type\":\"ImageObject\",\"inLanguage\":\"fr-FR\",\"@id\":\"https:\\\/\\\/theairpeople.fr\\\/our-gallery\\\/#primaryimage\",\"url\":\"https:\\\/\\\/theairpeople.fr\\\/wp-content\\\/uploads\\\/2026\\\/02\\\/afcwimbledon2-6f6b9f17-2-1024x576.jpg\",\"contentUrl\":\"https:\\\/\\\/theairpeople.fr\\\/wp-content\\\/uploads\\\/2026\\\/02\\\/afcwimbledon2-6f6b9f17-2-1024x576.jpg\"},{\"@type\":\"BreadcrumbList\",\"@id\":\"https:\\\/\\\/theairpeople.fr\\\/our-gallery\\\/#breadcrumb\",\"itemListElement\":[{\"@type\":\"ListItem\",\"position\":1,\"name\":\"Home\",\"item\":\"https:\\\/\\\/theairpeople.fr\\\/\"},{\"@type\":\"ListItem\",\"position\":2,\"name\":\"Our Gallery\"}]},{\"@type\":\"WebSite\",\"@id\":\"https:\\\/\\\/theairpeople.fr\\\/#website\",\"url\":\"https:\\\/\\\/theairpeople.fr\\\/\",\"name\":\"The AirPeople\",\"description\":\"Aerial Drone Operators\",\"publisher\":{\"@id\":\"https:\\\/\\\/theairpeople.fr\\\/#organization\"},\"potentialAction\":[{\"@type\":\"SearchAction\",\"target\":{\"@type\":\"EntryPoint\",\"urlTemplate\":\"https:\\\/\\\/theairpeople.fr\\\/?s={search_term_string}\"},\"query-input\":{\"@type\":\"PropertyValueSpecification\",\"valueRequired\":true,\"valueName\":\"search_term_string\"}}],\"inLanguage\":\"fr-FR\"},{\"@type\":\"Organization\",\"@id\":\"https:\\\/\\\/theairpeople.fr\\\/#organization\",\"name\":\"The AirPeople\",\"url\":\"https:\\\/\\\/theairpeople.fr\\\/\",\"logo\":{\"@type\":\"ImageObject\",\"inLanguage\":\"fr-FR\",\"@id\":\"https:\\\/\\\/theairpeople.fr\\\/#\\\/schema\\\/logo\\\/image\\\/\",\"url\":\"https:\\\/\\\/theairpeople.fr\\\/wp-content\\\/uploads\\\/2023\\\/12\\\/logo__Resize.jpg\",\"contentUrl\":\"https:\\\/\\\/theairpeople.fr\\\/wp-content\\\/uploads\\\/2023\\\/12\\\/logo__Resize.jpg\",\"width\":179,\"height\":182,\"caption\":\"The AirPeople\"},\"image\":{\"@id\":\"https:\\\/\\\/theairpeople.fr\\\/#\\\/schema\\\/logo\\\/image\\\/\"}}]}<\/script>\n<!-- \/ Yoast SEO plugin. -->","yoast_head_json":{"title":"Our Gallery - The AirPeople","robots":{"index":"index","follow":"follow","max-snippet":"max-snippet:-1","max-image-preview":"max-image-preview:large","max-video-preview":"max-video-preview:-1"},"canonical":"https:\/\/theairpeople.fr\/fr\/our-gallery\/","og_locale":"fr_FR","og_type":"article","og_title":"Our Gallery - The AirPeople","og_description":"Notre galerie Accueil Notre galerie Galerie Les Airpeople r\u00e9alisent des photos et vid\u00e9os a\u00e9riennes de votre site. Voici quelques exemples de notre travail !(\u00a9 Toutes les vid\u00e9os et images sont la propri\u00e9t\u00e9 des Airpeople) Construction Vol de nuit Inspection de toiture par drone Autres projets","og_url":"https:\/\/theairpeople.fr\/fr\/our-gallery\/","og_site_name":"The AirPeople","article_modified_time":"2026-03-04T21:14:18+00:00","og_image":[{"width":1920,"height":1080,"url":"https:\/\/theairpeople.fr\/wp-content\/uploads\/2026\/02\/afcwimbledon2-6f6b9f17-2.jpg","type":"image\/jpeg"}],"twitter_card":"summary_large_image","twitter_misc":{"Dur\u00e9e de lecture estim\u00e9e":"1 minute"},"schema":{"@context":"https:\/\/schema.org","@graph":[{"@type":"WebPage","@id":"https:\/\/theairpeople.fr\/our-gallery\/","url":"https:\/\/theairpeople.fr\/our-gallery\/","name":"Our Gallery - The AirPeople","isPartOf":{"@id":"https:\/\/theairpeople.fr\/#website"},"primaryImageOfPage":{"@id":"https:\/\/theairpeople.fr\/our-gallery\/#primaryimage"},"image":{"@id":"https:\/\/theairpeople.fr\/our-gallery\/#primaryimage"},"thumbnailUrl":"https:\/\/theairpeople.fr\/wp-content\/uploads\/2026\/02\/afcwimbledon2-6f6b9f17-2-1024x576.jpg","datePublished":"2026-02-09T07:28:48+00:00","dateModified":"2026-03-04T21:14:18+00:00","breadcrumb":{"@id":"https:\/\/theairpeople.fr\/our-gallery\/#breadcrumb"},"inLanguage":"fr-FR","potentialAction":[{"@type":"ReadAction","target":["https:\/\/theairpeople.fr\/our-gallery\/"]}]},{"@type":"ImageObject","inLanguage":"fr-FR","@id":"https:\/\/theairpeople.fr\/our-gallery\/#primaryimage","url":"https:\/\/theairpeople.fr\/wp-content\/uploads\/2026\/02\/afcwimbledon2-6f6b9f17-2-1024x576.jpg","contentUrl":"https:\/\/theairpeople.fr\/wp-content\/uploads\/2026\/02\/afcwimbledon2-6f6b9f17-2-1024x576.jpg"},{"@type":"BreadcrumbList","@id":"https:\/\/theairpeople.fr\/our-gallery\/#breadcrumb","itemListElement":[{"@type":"ListItem","position":1,"name":"Home","item":"https:\/\/theairpeople.fr\/"},{"@type":"ListItem","position":2,"name":"Our Gallery"}]},{"@type":"WebSite","@id":"https:\/\/theairpeople.fr\/#website","url":"https:\/\/theairpeople.fr\/","name":"The AirPeople","description":"Aerial Drone Operators","publisher":{"@id":"https:\/\/theairpeople.fr\/#organization"},"potentialAction":[{"@type":"SearchAction","target":{"@type":"EntryPoint","urlTemplate":"https:\/\/theairpeople.fr\/?s={search_term_string}"},"query-input":{"@type":"PropertyValueSpecification","valueRequired":true,"valueName":"search_term_string"}}],"inLanguage":"fr-FR"},{"@type":"Organization","@id":"https:\/\/theairpeople.fr\/#organization","name":"The AirPeople","url":"https:\/\/theairpeople.fr\/","logo":{"@type":"ImageObject","inLanguage":"fr-FR","@id":"https:\/\/theairpeople.fr\/#\/schema\/logo\/image\/","url":"https:\/\/theairpeople.fr\/wp-content\/uploads\/2023\/12\/logo__Resize.jpg","contentUrl":"https:\/\/theairpeople.fr\/wp-content\/uploads\/2023\/12\/logo__Resize.jpg","width":179,"height":182,"caption":"The AirPeople"},"image":{"@id":"https:\/\/theairpeople.fr\/#\/schema\/logo\/image\/"}}]}},"jetpack_likes_enabled":true,"jetpack_sharing_enabled":true,"jetpack_shortlink":"https:\/\/wp.me\/Pgnzr5-1pS","_links":{"self":[{"href":"https:\/\/theairpeople.fr\/fr\/wp-json\/wp\/v2\/pages\/5448","targetHints":{"allow":["GET"]}}],"collection":[{"href":"https:\/\/theairpeople.fr\/fr\/wp-json\/wp\/v2\/pages"}],"about":[{"href":"https:\/\/theairpeople.fr\/fr\/wp-json\/wp\/v2\/types\/page"}],"author":[{"embeddable":true,"href":"https:\/\/theairpeople.fr\/fr\/wp-json\/wp\/v2\/users\/192361856"}],"replies":[{"embeddable":true,"href":"https:\/\/theairpeople.fr\/fr\/wp-json\/wp\/v2\/comments?post=5448"}],"version-history":[{"count":52,"href":"https:\/\/theairpeople.fr\/fr\/wp-json\/wp\/v2\/pages\/5448\/revisions"}],"predecessor-version":[{"id":6273,"href":"https:\/\/theairpeople.fr\/fr\/wp-json\/wp\/v2\/pages\/5448\/revisions\/6273"}],"wp:attachment":[{"href":"https:\/\/theairpeople.fr\/fr\/wp-json\/wp\/v2\/media?parent=5448"}],"curies":[{"name":"wp","href":"https:\/\/api.w.org\/{rel}","templated":true}]}}