{"id":5740,"date":"2026-02-19T22:10:12","date_gmt":"2026-02-19T22:10:12","guid":{"rendered":"https:\/\/theairpeople.fr\/?page_id=5740"},"modified":"2026-03-11T01:47:18","modified_gmt":"2026-03-11T01:47:18","slug":"night-flying","status":"publish","type":"page","link":"https:\/\/theairpeople.fr\/fr\/night-flying\/","title":{"rendered":"Vol de nuit"},"content":{"rendered":"<div data-elementor-type=\"wp-page\" data-elementor-id=\"5740\" class=\"elementor elementor-5740\">\n\t\t\t\t<div class=\"elementor-element elementor-element-0b8dcab e-flex e-con-boxed e-con e-parent\" data-id=\"0b8dcab\" data-element_type=\"container\" data-e-type=\"container\" data-settings=\"{&quot;background_background&quot;:&quot;classic&quot;}\">\n\t\t\t\t\t<div class=\"e-con-inner\">\n\t\t<div class=\"elementor-element elementor-element-2a1661f e-con-full e-flex e-con e-child\" data-id=\"2a1661f\" data-element_type=\"container\" data-e-type=\"container\">\n\t\t\t\t<div class=\"elementor-element elementor-element-ebe3a5d elementor-widget elementor-widget-gum_heading\" data-id=\"ebe3a5d\" data-element_type=\"widget\" data-e-type=\"widget\" data-widget_type=\"gum_heading.default\">\n\t\t\t\t<div class=\"elementor-widget-container\">\n\t\t\t\t\t<div class=\"gum-widget-title\"><h2 class=\"section-main-title size-default\"><span class=\"prefix\"><\/span><span class=\"maintitle\"> Vol de nuit<\/span><span class=\"subfix\"><\/span><\/h2><\/div>\t\t\t\t<\/div>\n\t\t\t\t<\/div>\n\t\t\t\t<div class=\"elementor-element elementor-element-f7f19be elementor-icon-list--layout-inline elementor-align-start elementor-icon-list-ico-position-10 elementor-list-item-link-full_width elementor-widget elementor-widget-icon-list\" data-id=\"f7f19be\" data-element_type=\"widget\" data-e-type=\"widget\" data-widget_type=\"icon-list.default\">\n\t\t\t\t<div class=\"elementor-widget-container\">\n\t\t\t\t\t\t\t<ul class=\"elementor-icon-list-items elementor-inline-items\">\n\t\t\t\t\t\t\t<li class=\"elementor-icon-list-item elementor-inline-item\">\n\t\t\t\t\t\t\t\t\t\t\t<span class=\"elementor-icon-list-icon\">\n\t\t\t\t\t\t\t<svg aria-hidden=\"true\" class=\"e-font-icon-svg e-fas-arrow-right\" viewbox=\"0 0 448 512\" xmlns=\"http:\/\/www.w3.org\/2000\/svg\"><path d=\"M190.5 66.9l22.2-22.2c9.4-9.4 24.6-9.4 33.9 0L441 239c9.4 9.4 9.4 24.6 0 33.9L246.6 467.3c-9.4 9.4-24.6 9.4-33.9 0l-22.2-22.2c-9.5-9.5-9.3-25 .4-34.3L311.4 296H24c-13.3 0-24-10.7-24-24v-32c0-13.3 10.7-24 24-24h287.4L190.9 101.2c-9.8-9.3-10-24.8-.4-34.3z\"><\/path><\/svg>\t\t\t\t\t\t<\/span>\n\t\t\t\t\t\t\t\t\t\t<span class=\"elementor-icon-list-text\"> Accueil<\/span>\n\t\t\t\t\t\t\t\t\t<\/li>\n\t\t\t\t\t\t\t\t<li class=\"elementor-icon-list-item elementor-inline-item\">\n\t\t\t\t\t\t\t\t\t\t<span class=\"elementor-icon-list-text\"> Vol de nuit<\/span>\n\t\t\t\t\t\t\t\t\t<\/li>\n\t\t\t\t\t\t<\/ul>\n\t\t\t\t\t\t<\/div>\n\t\t\t\t<\/div>\n\t\t\t\t<\/div>\n\t\t\t\t\t<\/div>\n\t\t\t\t<\/div>\n\t\t<div class=\"elementor-element elementor-element-915a8ec e-flex e-con-boxed e-con e-parent\" data-id=\"915a8ec\" data-element_type=\"container\" data-e-type=\"container\">\n\t\t\t\t\t<div class=\"e-con-inner\">\n\t\t<div class=\"elementor-element elementor-element-449dbda e-con-full e-flex e-con e-child\" data-id=\"449dbda\" data-element_type=\"container\" data-e-type=\"container\">\n\t\t\t\t<div class=\"elementor-element elementor-element-53f519c elementor-widget elementor-widget-heading\" data-id=\"53f519c\" data-element_type=\"widget\" data-e-type=\"widget\" data-widget_type=\"heading.default\">\n\t\t\t\t<div class=\"elementor-widget-container\">\n\t\t\t\t\t<h2 class=\"elementor-heading-title elementor-size-default\"> Foire de Clapham Common\n<\/h2>\t\t\t\t<\/div>\n\t\t\t\t<\/div>\n\t\t\t\t<div class=\"elementor-element elementor-element-92c4690 elementor-widget elementor-widget-text-editor\" data-id=\"92c4690\" data-element_type=\"widget\" data-e-type=\"widget\" data-widget_type=\"text-editor.default\">\n\t\t\t\t<div class=\"elementor-widget-container\">\n\t\t\t\t\t\t\t\t\t<p data-start=\"41\" data-end=\"140\"><strong data-start=\"41\" data-end=\"138\">Photographie et vid\u00e9ographie a\u00e9rienne par drone de la Foire de Clapham Common en f\u00e9vrier 2019<\/strong><\/p><p data-start=\"142\" data-end=\"381\" data-is-last-node=\"\" data-is-only-node=\"\">Voici une vid\u00e9o a\u00e9rienne par drone de la Foire de Clapham Common. Il s\u2019agit de l\u2019une de nos premi\u00e8res exp\u00e9riences de vol de nuit avec nos drones et, comme vous pouvez le voir, l\u2019\u00e9clairage capt\u00e9 par le drone est tout simplement magnifique !<\/p>\t\t\t\t\t\t\t\t<\/div>\n\t\t\t\t<\/div>\n\t\t\t\t<\/div>\n\t\t<div class=\"elementor-element elementor-element-da29231 e-con-full e-flex e-con e-child\" data-id=\"da29231\" data-element_type=\"container\" data-e-type=\"container\">\n\t\t\t\t<div class=\"elementor-element elementor-element-f8e2656 elementor-widget elementor-widget-video\" data-id=\"f8e2656\" data-element_type=\"widget\" data-e-type=\"widget\" data-settings=\"{&quot;youtube_url&quot;:&quot;https:\\\/\\\/youtu.be\\\/UeEzY15xx7M&quot;,&quot;video_type&quot;:&quot;youtube&quot;,&quot;controls&quot;:&quot;yes&quot;}\" data-widget_type=\"video.default\">\n\t\t\t\t<div class=\"elementor-widget-container\">\n\t\t\t\t\t\t\t<div class=\"elementor-wrapper elementor-open-inline\">\n\t\t\t<div class=\"elementor-video\"><\/div>\t\t<\/div>\n\t\t\t\t\t\t<\/div>\n\t\t\t\t<\/div>\n\t\t\t\t<div class=\"elementor-element elementor-element-1aeaa60 elementor-widget elementor-widget-text-editor\" data-id=\"1aeaa60\" data-element_type=\"widget\" data-e-type=\"widget\" data-widget_type=\"text-editor.default\">\n\t\t\t\t<div class=\"elementor-widget-container\">\n\t\t\t\t\t\t\t\t\t(\u00a9 All videos are property of The Airpeople) \n\n\t\t\t\t\t\t\t\t<\/div>\n\t\t\t\t<\/div>\n\t\t\t\t<\/div>\n\t\t\t\t\t<\/div>\n\t\t\t\t<\/div>\n\t\t\t\t<\/div>","protected":false},"excerpt":{"rendered":"<p>Vol de nuit Accueil Vol de nuit Foire de Clapham Common Photographie et vid\u00e9ographie a\u00e9rienne par drone de la Foire de Clapham Common en f\u00e9vrier 2019 Voici une vid\u00e9o a\u00e9rienne par drone de la Foire de Clapham Common. Il s\u2019agit de l\u2019une de nos premi\u00e8res exp\u00e9riences de vol de nuit avec nos drones et, comme [&hellip;]<\/p>\n","protected":false},"author":192361856,"featured_media":0,"parent":0,"menu_order":0,"comment_status":"closed","ping_status":"closed","template":"","meta":{"footnotes":""},"class_list":["post-5740","page","type-page","status-publish","hentry"],"yoast_head":"<!-- This site is optimized with the Yoast SEO plugin v27.4 - https:\/\/yoast.com\/product\/yoast-seo-wordpress\/ -->\n<title>Night Flying - The AirPeople<\/title>\n<meta name=\"robots\" content=\"index, follow, max-snippet:-1, max-image-preview:large, max-video-preview:-1\" \/>\n<link rel=\"canonical\" href=\"https:\/\/theairpeople.fr\/fr\/night-flying\/\" \/>\n<meta property=\"og:locale\" content=\"fr_FR\" \/>\n<meta property=\"og:type\" content=\"article\" \/>\n<meta property=\"og:title\" content=\"Night Flying - The AirPeople\" \/>\n<meta property=\"og:description\" content=\"Vol de nuit Accueil Vol de nuit Foire de Clapham Common Photographie et vid\u00e9ographie a\u00e9rienne par drone de la Foire de Clapham Common en f\u00e9vrier 2019 Voici une vid\u00e9o a\u00e9rienne par drone de la Foire de Clapham Common. Il s\u2019agit de l\u2019une de nos premi\u00e8res exp\u00e9riences de vol de nuit avec nos drones et, comme [&hellip;]\" \/>\n<meta property=\"og:url\" content=\"https:\/\/theairpeople.fr\/fr\/night-flying\/\" \/>\n<meta property=\"og:site_name\" content=\"The AirPeople\" \/>\n<meta property=\"article:modified_time\" content=\"2026-03-11T01:47:18+00:00\" \/>\n<meta name=\"twitter:card\" content=\"summary_large_image\" \/>\n<meta name=\"twitter:label1\" content=\"Dur\u00e9e de lecture estim\u00e9e\" \/>\n\t<meta name=\"twitter:data1\" content=\"1 minute\" \/>\n<script type=\"application\/ld+json\" class=\"yoast-schema-graph\">{\"@context\":\"https:\\\/\\\/schema.org\",\"@graph\":[{\"@type\":\"WebPage\",\"@id\":\"https:\\\/\\\/theairpeople.fr\\\/night-flying\\\/\",\"url\":\"https:\\\/\\\/theairpeople.fr\\\/night-flying\\\/\",\"name\":\"Night Flying - The AirPeople\",\"isPartOf\":{\"@id\":\"https:\\\/\\\/theairpeople.fr\\\/#website\"},\"datePublished\":\"2026-02-19T22:10:12+00:00\",\"dateModified\":\"2026-03-11T01:47:18+00:00\",\"breadcrumb\":{\"@id\":\"https:\\\/\\\/theairpeople.fr\\\/night-flying\\\/#breadcrumb\"},\"inLanguage\":\"fr-FR\",\"potentialAction\":[{\"@type\":\"ReadAction\",\"target\":[\"https:\\\/\\\/theairpeople.fr\\\/night-flying\\\/\"]}]},{\"@type\":\"BreadcrumbList\",\"@id\":\"https:\\\/\\\/theairpeople.fr\\\/night-flying\\\/#breadcrumb\",\"itemListElement\":[{\"@type\":\"ListItem\",\"position\":1,\"name\":\"Home\",\"item\":\"https:\\\/\\\/theairpeople.fr\\\/\"},{\"@type\":\"ListItem\",\"position\":2,\"name\":\"Night Flying\"}]},{\"@type\":\"WebSite\",\"@id\":\"https:\\\/\\\/theairpeople.fr\\\/#website\",\"url\":\"https:\\\/\\\/theairpeople.fr\\\/\",\"name\":\"The AirPeople\",\"description\":\"Aerial Drone Operators\",\"publisher\":{\"@id\":\"https:\\\/\\\/theairpeople.fr\\\/#organization\"},\"potentialAction\":[{\"@type\":\"SearchAction\",\"target\":{\"@type\":\"EntryPoint\",\"urlTemplate\":\"https:\\\/\\\/theairpeople.fr\\\/?s={search_term_string}\"},\"query-input\":{\"@type\":\"PropertyValueSpecification\",\"valueRequired\":true,\"valueName\":\"search_term_string\"}}],\"inLanguage\":\"fr-FR\"},{\"@type\":\"Organization\",\"@id\":\"https:\\\/\\\/theairpeople.fr\\\/#organization\",\"name\":\"The AirPeople\",\"url\":\"https:\\\/\\\/theairpeople.fr\\\/\",\"logo\":{\"@type\":\"ImageObject\",\"inLanguage\":\"fr-FR\",\"@id\":\"https:\\\/\\\/theairpeople.fr\\\/#\\\/schema\\\/logo\\\/image\\\/\",\"url\":\"https:\\\/\\\/theairpeople.fr\\\/wp-content\\\/uploads\\\/2023\\\/12\\\/logo__Resize.jpg\",\"contentUrl\":\"https:\\\/\\\/theairpeople.fr\\\/wp-content\\\/uploads\\\/2023\\\/12\\\/logo__Resize.jpg\",\"width\":179,\"height\":182,\"caption\":\"The AirPeople\"},\"image\":{\"@id\":\"https:\\\/\\\/theairpeople.fr\\\/#\\\/schema\\\/logo\\\/image\\\/\"}}]}<\/script>\n<!-- \/ Yoast SEO plugin. -->","yoast_head_json":{"title":"Night Flying - The AirPeople","robots":{"index":"index","follow":"follow","max-snippet":"max-snippet:-1","max-image-preview":"max-image-preview:large","max-video-preview":"max-video-preview:-1"},"canonical":"https:\/\/theairpeople.fr\/fr\/night-flying\/","og_locale":"fr_FR","og_type":"article","og_title":"Night Flying - The AirPeople","og_description":"Vol de nuit Accueil Vol de nuit Foire de Clapham Common Photographie et vid\u00e9ographie a\u00e9rienne par drone de la Foire de Clapham Common en f\u00e9vrier 2019 Voici une vid\u00e9o a\u00e9rienne par drone de la Foire de Clapham Common. Il s\u2019agit de l\u2019une de nos premi\u00e8res exp\u00e9riences de vol de nuit avec nos drones et, comme [&hellip;]","og_url":"https:\/\/theairpeople.fr\/fr\/night-flying\/","og_site_name":"The AirPeople","article_modified_time":"2026-03-11T01:47:18+00:00","twitter_card":"summary_large_image","twitter_misc":{"Dur\u00e9e de lecture estim\u00e9e":"1 minute"},"schema":{"@context":"https:\/\/schema.org","@graph":[{"@type":"WebPage","@id":"https:\/\/theairpeople.fr\/night-flying\/","url":"https:\/\/theairpeople.fr\/night-flying\/","name":"Night Flying - The AirPeople","isPartOf":{"@id":"https:\/\/theairpeople.fr\/#website"},"datePublished":"2026-02-19T22:10:12+00:00","dateModified":"2026-03-11T01:47:18+00:00","breadcrumb":{"@id":"https:\/\/theairpeople.fr\/night-flying\/#breadcrumb"},"inLanguage":"fr-FR","potentialAction":[{"@type":"ReadAction","target":["https:\/\/theairpeople.fr\/night-flying\/"]}]},{"@type":"BreadcrumbList","@id":"https:\/\/theairpeople.fr\/night-flying\/#breadcrumb","itemListElement":[{"@type":"ListItem","position":1,"name":"Home","item":"https:\/\/theairpeople.fr\/"},{"@type":"ListItem","position":2,"name":"Night Flying"}]},{"@type":"WebSite","@id":"https:\/\/theairpeople.fr\/#website","url":"https:\/\/theairpeople.fr\/","name":"The AirPeople","description":"Aerial Drone Operators","publisher":{"@id":"https:\/\/theairpeople.fr\/#organization"},"potentialAction":[{"@type":"SearchAction","target":{"@type":"EntryPoint","urlTemplate":"https:\/\/theairpeople.fr\/?s={search_term_string}"},"query-input":{"@type":"PropertyValueSpecification","valueRequired":true,"valueName":"search_term_string"}}],"inLanguage":"fr-FR"},{"@type":"Organization","@id":"https:\/\/theairpeople.fr\/#organization","name":"The AirPeople","url":"https:\/\/theairpeople.fr\/","logo":{"@type":"ImageObject","inLanguage":"fr-FR","@id":"https:\/\/theairpeople.fr\/#\/schema\/logo\/image\/","url":"https:\/\/theairpeople.fr\/wp-content\/uploads\/2023\/12\/logo__Resize.jpg","contentUrl":"https:\/\/theairpeople.fr\/wp-content\/uploads\/2023\/12\/logo__Resize.jpg","width":179,"height":182,"caption":"The AirPeople"},"image":{"@id":"https:\/\/theairpeople.fr\/#\/schema\/logo\/image\/"}}]}},"jetpack_likes_enabled":true,"jetpack_sharing_enabled":true,"jetpack_shortlink":"https:\/\/wp.me\/Pgnzr5-1uA","_links":{"self":[{"href":"https:\/\/theairpeople.fr\/fr\/wp-json\/wp\/v2\/pages\/5740","targetHints":{"allow":["GET"]}}],"collection":[{"href":"https:\/\/theairpeople.fr\/fr\/wp-json\/wp\/v2\/pages"}],"about":[{"href":"https:\/\/theairpeople.fr\/fr\/wp-json\/wp\/v2\/types\/page"}],"author":[{"embeddable":true,"href":"https:\/\/theairpeople.fr\/fr\/wp-json\/wp\/v2\/users\/192361856"}],"replies":[{"embeddable":true,"href":"https:\/\/theairpeople.fr\/fr\/wp-json\/wp\/v2\/comments?post=5740"}],"version-history":[{"count":22,"href":"https:\/\/theairpeople.fr\/fr\/wp-json\/wp\/v2\/pages\/5740\/revisions"}],"predecessor-version":[{"id":6304,"href":"https:\/\/theairpeople.fr\/fr\/wp-json\/wp\/v2\/pages\/5740\/revisions\/6304"}],"wp:attachment":[{"href":"https:\/\/theairpeople.fr\/fr\/wp-json\/wp\/v2\/media?parent=5740"}],"curies":[{"name":"wp","href":"https:\/\/api.w.org\/{rel}","templated":true}]}}