{"id":8,"date":"2020-09-01T11:42:03","date_gmt":"2020-09-01T11:42:03","guid":{"rendered":"https:\/\/theairpeople.fr\/?page_id=8"},"modified":"2025-09-16T05:34:04","modified_gmt":"2025-09-16T04:34:04","slug":"about","status":"publish","type":"page","link":"https:\/\/theairpeople.fr\/fr\/about\/","title":{"rendered":"About us"},"content":{"rendered":"<div data-elementor-type=\"wp-page\" data-elementor-id=\"8\" class=\"elementor elementor-8\">\n\t\t\t\t\t\t<section class=\"elementor-section elementor-top-section elementor-element elementor-element-6a93472 elementor-section-boxed elementor-section-height-default elementor-section-height-default\" data-id=\"6a93472\" data-element_type=\"section\" data-e-type=\"section\">\n\t\t\t\t\t\t<div class=\"elementor-container elementor-column-gap-default\">\n\t\t\t\t\t<div class=\"elementor-column elementor-col-50 elementor-top-column elementor-element elementor-element-92fec3f\" data-id=\"92fec3f\" data-element_type=\"column\" data-e-type=\"column\">\n\t\t\t<div class=\"elementor-widget-wrap elementor-element-populated\">\n\t\t\t\t\t\t<div class=\"elementor-element elementor-element-2eaca40 elementor-widget__width-initial elementor-widget elementor-widget-image\" data-id=\"2eaca40\" data-element_type=\"widget\" data-e-type=\"widget\" data-widget_type=\"image.default\">\n\t\t\t\t<div class=\"elementor-widget-container\">\n\t\t\t\t\t\t\t\t\t\t\t\t\t\t\t<img fetchpriority=\"high\" decoding=\"async\" data-attachment-id=\"49\" data-permalink=\"https:\/\/theairpeople.fr\/fr\/cropped-light-background-logo-e1599059224244-jpg\/\" data-orig-file=\"https:\/\/theairpeople.fr\/wp-content\/uploads\/2020\/09\/cropped-light-background-logo-e1599059224244.jpg\" data-orig-size=\"594,571\" data-comments-opened=\"1\" data-image-meta=\"{&quot;aperture&quot;:&quot;0&quot;,&quot;credit&quot;:&quot;&quot;,&quot;camera&quot;:&quot;&quot;,&quot;caption&quot;:&quot;&quot;,&quot;created_timestamp&quot;:&quot;0&quot;,&quot;copyright&quot;:&quot;&quot;,&quot;focal_length&quot;:&quot;0&quot;,&quot;iso&quot;:&quot;0&quot;,&quot;shutter_speed&quot;:&quot;0&quot;,&quot;title&quot;:&quot;&quot;,&quot;orientation&quot;:&quot;0&quot;}\" data-image-title=\"cropped-light-background-logo-e1599059224244.jpg\" data-image-description=\"&lt;p&gt;https:\/\/theairpeople.fr\/wp-content\/uploads\/2020\/09\/cropped-light-background-logo-e1599059224244.jpg&lt;\/p&gt;\" data-image-caption=\"\" data-large-file=\"https:\/\/theairpeople.fr\/wp-content\/uploads\/2020\/09\/cropped-light-background-logo-e1599059224244.jpg\" width=\"594\" height=\"571\" src=\"https:\/\/theairpeople.fr\/wp-content\/uploads\/2020\/09\/cropped-light-background-logo-e1599059224244.jpg\" class=\"attachment-large size-large wp-image-49\" alt=\"\" \/>\t\t\t\t\t\t\t\t\t\t\t\t\t\t\t<\/div>\n\t\t\t\t<\/div>\n\t\t\t\t\t<\/div>\n\t\t<\/div>\n\t\t\t\t<div class=\"elementor-column elementor-col-50 elementor-top-column elementor-element elementor-element-080dac0\" data-id=\"080dac0\" data-element_type=\"column\" data-e-type=\"column\">\n\t\t\t<div class=\"elementor-widget-wrap elementor-element-populated\">\n\t\t\t\t\t\t<div class=\"elementor-element elementor-element-41850db elementor-widget elementor-widget-heading\" data-id=\"41850db\" data-element_type=\"widget\" data-e-type=\"widget\" data-widget_type=\"heading.default\">\n\t\t\t\t<div class=\"elementor-widget-container\">\n\t\t\t\t\t<h2 class=\"elementor-heading-title elementor-size-default\">The AirPeople<\/h2>\t\t\t\t<\/div>\n\t\t\t\t<\/div>\n\t\t\t\t<div class=\"elementor-element elementor-element-d5467b9 elementor-widget__width-initial elementor-widget elementor-widget-text-editor\" data-id=\"d5467b9\" data-element_type=\"widget\" data-e-type=\"widget\" data-widget_type=\"text-editor.default\">\n\t\t\t\t<div class=\"elementor-widget-container\">\n\t\t\t\t\t\t\t\t\t<p><span style=\"font-weight: 400;\">Les AirPeople sont des pilotes de drone professionnels qui proposent des services de photographie a\u00e9rienne, de vid\u00e9o a\u00e9rienne, de mod\u00e9lisation 3D, de photogramm\u00e9trie, d'agriculture et d'arpentage de b\u00e2timents - des services d'inspection par drone.<\/span><\/p><p><span style=\"font-weight: 400;\">All pilots hold IAA licenses, have full insurance coverage, and are regulated by the Irish Aviation Authority (IAA).<\/span><\/p><p><span style=\"font-weight: 400;\">The AirPeople s'engage \u00e0 assurer la s\u00e9curit\u00e9 \u00e0 tout moment, et tous les vols\/missions sont planifi\u00e9s \u00e0 l'avance et pr\u00e9sent\u00e9s aux clients avant qu'ils n'aient lieu. The AirPeople a deux mots d'ordre : S\u00e9curit\u00e9 et Excellence.<\/span><\/p><p>Please note if you can\u2019t see what you\u2019re looking for give us a quick <a href=\"mailto:steve@theairpeople.co.uk\">email<\/a><\/p>\t\t\t\t\t\t\t\t<\/div>\n\t\t\t\t<\/div>\n\t\t\t\t\t<\/div>\n\t\t<\/div>\n\t\t\t\t\t<\/div>\n\t\t<\/section>\n\t\t\t\t<section class=\"elementor-section elementor-top-section elementor-element elementor-element-572cfdb elementor-section-content-middle elementor-section-boxed elementor-section-height-default elementor-section-height-default\" data-id=\"572cfdb\" data-element_type=\"section\" data-e-type=\"section\">\n\t\t\t\t\t\t<div class=\"elementor-container elementor-column-gap-default\">\n\t\t\t\t\t<div class=\"elementor-column elementor-col-100 elementor-top-column elementor-element elementor-element-f1a8e9d\" data-id=\"f1a8e9d\" data-element_type=\"column\" data-e-type=\"column\">\n\t\t\t<div class=\"elementor-widget-wrap elementor-element-populated\">\n\t\t\t\t\t\t<div class=\"elementor-element elementor-element-d125d62 elementor-widget-divider--view-line elementor-widget elementor-widget-divider\" data-id=\"d125d62\" data-element_type=\"widget\" data-e-type=\"widget\" data-widget_type=\"divider.default\">\n\t\t\t\t<div class=\"elementor-widget-container\">\n\t\t\t\t\t\t\t<div class=\"elementor-divider\">\n\t\t\t<span class=\"elementor-divider-separator\">\n\t\t\t\t\t\t<\/span>\n\t\t<\/div>\n\t\t\t\t\t\t<\/div>\n\t\t\t\t<\/div>\n\t\t\t\t<div class=\"elementor-element elementor-element-f6cd54b elementor-widget elementor-widget-heading\" data-id=\"f6cd54b\" data-element_type=\"widget\" data-e-type=\"widget\" data-widget_type=\"heading.default\">\n\t\t\t\t<div class=\"elementor-widget-container\">\n\t\t\t\t\t<h2 class=\"elementor-heading-title elementor-size-default\">Why Choose Us?<\/h2>\t\t\t\t<\/div>\n\t\t\t\t<\/div>\n\t\t\t\t<div class=\"elementor-element elementor-element-3d120e7 elementor-widget__width-initial elementor-widget elementor-widget-text-editor\" data-id=\"3d120e7\" data-element_type=\"widget\" data-e-type=\"widget\" data-widget_type=\"text-editor.default\">\n\t\t\t\t<div class=\"elementor-widget-container\">\n\t\t\t\t\t\t\t\t\t<p>The AirPeople \u2013 We\u2019re the UK\u2019s leading Drone &amp; Pilot Hire.<\/p>\t\t\t\t\t\t\t\t<\/div>\n\t\t\t\t<\/div>\n\t\t\t\t<div class=\"elementor-element elementor-element-be5edf5 elementor-widget__width-initial elementor-widget elementor-widget-text-editor\" data-id=\"be5edf5\" data-element_type=\"widget\" data-e-type=\"widget\" data-widget_type=\"text-editor.default\">\n\t\t\t\t<div class=\"elementor-widget-container\">\n\t\t\t\t\t\t\t\t\t<ul><li>Years of professional drone flying experience all around the UK &amp; Ireland.<\/li><li>Experienced drone pilots across the Ireland who love their job.<\/li><li>Friendly, helpful service and competitive rates.<\/li><li>Our Job isn\u2019t complete until the customer is satisfied.<\/li><li>Excellent reviews and many returning customers.<\/li><\/ul><p><span style=\"font-weight: 400;\">Our certified pilots in &#8220;Europe&#8221; offer professional services, meeting every aerial need with the expertise of a drone pilot in Galway.<\/span><\/p>\t\t\t\t\t\t\t\t<\/div>\n\t\t\t\t<\/div>\n\t\t\t\t\t<\/div>\n\t\t<\/div>\n\t\t\t\t\t<\/div>\n\t\t<\/section>\n\t\t\t\t<\/div>","protected":false},"excerpt":{"rendered":"<p>The AirPeople The AirPeople are professional drone pilots, providing aerial photography, aerial video, 3D models, photogrammetry, agriculture, and building surveying \u2013 inspection drone services. All pilots hold IAA licenses, have full insurance coverage, and are regulated by the Irish Aviation Authority (IAA). The AirPeople are committed to safety at all times, and all flights\/missions are [&hellip;]<\/p>\n","protected":false},"author":192361856,"featured_media":0,"parent":0,"menu_order":0,"comment_status":"closed","ping_status":"open","template":"","meta":{"footnotes":""},"class_list":["post-8","page","type-page","status-publish","hentry"],"yoast_head":"<!-- This site is optimized with the Yoast SEO plugin v27.4 - https:\/\/yoast.com\/product\/yoast-seo-wordpress\/ -->\n<title>Drones Ireland | Expert Drone Pilot Galway Services<\/title>\n<meta name=\"description\" content=\"Discover top-rated drones Ireland solutions with professional drone pilot Galway services for stunning aerial shots and precision tasks.\" \/>\n<meta name=\"robots\" content=\"index, follow, max-snippet:-1, max-image-preview:large, max-video-preview:-1\" \/>\n<link rel=\"canonical\" href=\"https:\/\/theairpeople.fr\/fr\/about\/\" \/>\n<meta property=\"og:locale\" content=\"fr_FR\" \/>\n<meta property=\"og:type\" content=\"article\" \/>\n<meta property=\"og:title\" content=\"Drones Ireland | Expert Drone Pilot Galway Services\" \/>\n<meta property=\"og:description\" content=\"Discover top-rated drones Ireland solutions with professional drone pilot Galway services for stunning aerial shots and precision tasks.\" \/>\n<meta property=\"og:url\" content=\"https:\/\/theairpeople.fr\/fr\/about\/\" \/>\n<meta property=\"og:site_name\" content=\"The AirPeople\" \/>\n<meta property=\"article:modified_time\" content=\"2025-09-16T04:34:04+00:00\" \/>\n<meta property=\"og:image\" content=\"https:\/\/theairpeople.fr\/wp-content\/uploads\/2020\/09\/cropped-light-background-logo-e1599059224244.jpg\" \/>\n\t<meta property=\"og:image:width\" content=\"594\" \/>\n\t<meta property=\"og:image:height\" content=\"571\" \/>\n\t<meta property=\"og:image:type\" content=\"image\/jpeg\" \/>\n<meta name=\"twitter:card\" content=\"summary_large_image\" \/>\n<meta name=\"twitter:label1\" content=\"Dur\u00e9e de lecture estim\u00e9e\" \/>\n\t<meta name=\"twitter:data1\" content=\"1 minute\" \/>\n<script type=\"application\/ld+json\" class=\"yoast-schema-graph\">{\"@context\":\"https:\\\/\\\/schema.org\",\"@graph\":[{\"@type\":\"WebPage\",\"@id\":\"https:\\\/\\\/theairpeople.fr\\\/about\\\/\",\"url\":\"https:\\\/\\\/theairpeople.fr\\\/about\\\/\",\"name\":\"Drones Ireland | Expert Drone Pilot Galway Services\",\"isPartOf\":{\"@id\":\"https:\\\/\\\/theairpeople.fr\\\/#website\"},\"primaryImageOfPage\":{\"@id\":\"https:\\\/\\\/theairpeople.fr\\\/about\\\/#primaryimage\"},\"image\":{\"@id\":\"https:\\\/\\\/theairpeople.fr\\\/about\\\/#primaryimage\"},\"thumbnailUrl\":\"https:\\\/\\\/theairpeople.fr\\\/wp-content\\\/uploads\\\/2020\\\/09\\\/cropped-light-background-logo-e1599059224244.jpg\",\"datePublished\":\"2020-09-01T11:42:03+00:00\",\"dateModified\":\"2025-09-16T04:34:04+00:00\",\"description\":\"Discover top-rated drones Ireland solutions with professional drone pilot Galway services for stunning aerial shots and precision tasks.\",\"breadcrumb\":{\"@id\":\"https:\\\/\\\/theairpeople.fr\\\/about\\\/#breadcrumb\"},\"inLanguage\":\"fr-FR\",\"potentialAction\":[{\"@type\":\"ReadAction\",\"target\":[\"https:\\\/\\\/theairpeople.fr\\\/about\\\/\"]}]},{\"@type\":\"ImageObject\",\"inLanguage\":\"fr-FR\",\"@id\":\"https:\\\/\\\/theairpeople.fr\\\/about\\\/#primaryimage\",\"url\":\"https:\\\/\\\/theairpeople.fr\\\/wp-content\\\/uploads\\\/2020\\\/09\\\/cropped-light-background-logo-e1599059224244.jpg\",\"contentUrl\":\"https:\\\/\\\/theairpeople.fr\\\/wp-content\\\/uploads\\\/2020\\\/09\\\/cropped-light-background-logo-e1599059224244.jpg\"},{\"@type\":\"BreadcrumbList\",\"@id\":\"https:\\\/\\\/theairpeople.fr\\\/about\\\/#breadcrumb\",\"itemListElement\":[{\"@type\":\"ListItem\",\"position\":1,\"name\":\"Home\",\"item\":\"https:\\\/\\\/theairpeople.fr\\\/\"},{\"@type\":\"ListItem\",\"position\":2,\"name\":\"About us\"}]},{\"@type\":\"WebSite\",\"@id\":\"https:\\\/\\\/theairpeople.fr\\\/#website\",\"url\":\"https:\\\/\\\/theairpeople.fr\\\/\",\"name\":\"The AirPeople\",\"description\":\"Aerial Drone Operators\",\"publisher\":{\"@id\":\"https:\\\/\\\/theairpeople.fr\\\/#organization\"},\"potentialAction\":[{\"@type\":\"SearchAction\",\"target\":{\"@type\":\"EntryPoint\",\"urlTemplate\":\"https:\\\/\\\/theairpeople.fr\\\/?s={search_term_string}\"},\"query-input\":{\"@type\":\"PropertyValueSpecification\",\"valueRequired\":true,\"valueName\":\"search_term_string\"}}],\"inLanguage\":\"fr-FR\"},{\"@type\":\"Organization\",\"@id\":\"https:\\\/\\\/theairpeople.fr\\\/#organization\",\"name\":\"The AirPeople\",\"url\":\"https:\\\/\\\/theairpeople.fr\\\/\",\"logo\":{\"@type\":\"ImageObject\",\"inLanguage\":\"fr-FR\",\"@id\":\"https:\\\/\\\/theairpeople.fr\\\/#\\\/schema\\\/logo\\\/image\\\/\",\"url\":\"https:\\\/\\\/theairpeople.fr\\\/wp-content\\\/uploads\\\/2023\\\/12\\\/logo__Resize.jpg\",\"contentUrl\":\"https:\\\/\\\/theairpeople.fr\\\/wp-content\\\/uploads\\\/2023\\\/12\\\/logo__Resize.jpg\",\"width\":179,\"height\":182,\"caption\":\"The AirPeople\"},\"image\":{\"@id\":\"https:\\\/\\\/theairpeople.fr\\\/#\\\/schema\\\/logo\\\/image\\\/\"}}]}<\/script>\n<!-- \/ Yoast SEO plugin. -->","yoast_head_json":{"title":"Drones Ireland | Expert Drone Pilot Galway Services","description":"Discover top-rated drones Ireland solutions with professional drone pilot Galway services for stunning aerial shots and precision tasks.","robots":{"index":"index","follow":"follow","max-snippet":"max-snippet:-1","max-image-preview":"max-image-preview:large","max-video-preview":"max-video-preview:-1"},"canonical":"https:\/\/theairpeople.fr\/fr\/about\/","og_locale":"fr_FR","og_type":"article","og_title":"Drones Ireland | Expert Drone Pilot Galway Services","og_description":"Discover top-rated drones Ireland solutions with professional drone pilot Galway services for stunning aerial shots and precision tasks.","og_url":"https:\/\/theairpeople.fr\/fr\/about\/","og_site_name":"The AirPeople","article_modified_time":"2025-09-16T04:34:04+00:00","og_image":[{"width":594,"height":571,"url":"https:\/\/theairpeople.fr\/wp-content\/uploads\/2020\/09\/cropped-light-background-logo-e1599059224244.jpg","type":"image\/jpeg"}],"twitter_card":"summary_large_image","twitter_misc":{"Dur\u00e9e de lecture estim\u00e9e":"1 minute"},"schema":{"@context":"https:\/\/schema.org","@graph":[{"@type":"WebPage","@id":"https:\/\/theairpeople.fr\/about\/","url":"https:\/\/theairpeople.fr\/about\/","name":"Drones Ireland | Expert Drone Pilot Galway Services","isPartOf":{"@id":"https:\/\/theairpeople.fr\/#website"},"primaryImageOfPage":{"@id":"https:\/\/theairpeople.fr\/about\/#primaryimage"},"image":{"@id":"https:\/\/theairpeople.fr\/about\/#primaryimage"},"thumbnailUrl":"https:\/\/theairpeople.fr\/wp-content\/uploads\/2020\/09\/cropped-light-background-logo-e1599059224244.jpg","datePublished":"2020-09-01T11:42:03+00:00","dateModified":"2025-09-16T04:34:04+00:00","description":"Discover top-rated drones Ireland solutions with professional drone pilot Galway services for stunning aerial shots and precision tasks.","breadcrumb":{"@id":"https:\/\/theairpeople.fr\/about\/#breadcrumb"},"inLanguage":"fr-FR","potentialAction":[{"@type":"ReadAction","target":["https:\/\/theairpeople.fr\/about\/"]}]},{"@type":"ImageObject","inLanguage":"fr-FR","@id":"https:\/\/theairpeople.fr\/about\/#primaryimage","url":"https:\/\/theairpeople.fr\/wp-content\/uploads\/2020\/09\/cropped-light-background-logo-e1599059224244.jpg","contentUrl":"https:\/\/theairpeople.fr\/wp-content\/uploads\/2020\/09\/cropped-light-background-logo-e1599059224244.jpg"},{"@type":"BreadcrumbList","@id":"https:\/\/theairpeople.fr\/about\/#breadcrumb","itemListElement":[{"@type":"ListItem","position":1,"name":"Home","item":"https:\/\/theairpeople.fr\/"},{"@type":"ListItem","position":2,"name":"About us"}]},{"@type":"WebSite","@id":"https:\/\/theairpeople.fr\/#website","url":"https:\/\/theairpeople.fr\/","name":"The AirPeople","description":"Aerial Drone Operators","publisher":{"@id":"https:\/\/theairpeople.fr\/#organization"},"potentialAction":[{"@type":"SearchAction","target":{"@type":"EntryPoint","urlTemplate":"https:\/\/theairpeople.fr\/?s={search_term_string}"},"query-input":{"@type":"PropertyValueSpecification","valueRequired":true,"valueName":"search_term_string"}}],"inLanguage":"fr-FR"},{"@type":"Organization","@id":"https:\/\/theairpeople.fr\/#organization","name":"The AirPeople","url":"https:\/\/theairpeople.fr\/","logo":{"@type":"ImageObject","inLanguage":"fr-FR","@id":"https:\/\/theairpeople.fr\/#\/schema\/logo\/image\/","url":"https:\/\/theairpeople.fr\/wp-content\/uploads\/2023\/12\/logo__Resize.jpg","contentUrl":"https:\/\/theairpeople.fr\/wp-content\/uploads\/2023\/12\/logo__Resize.jpg","width":179,"height":182,"caption":"The AirPeople"},"image":{"@id":"https:\/\/theairpeople.fr\/#\/schema\/logo\/image\/"}}]}},"jetpack_likes_enabled":null,"jetpack_sharing_enabled":false,"jetpack_shortlink":"https:\/\/wp.me\/Pgnzr5-8","_links":{"self":[{"href":"https:\/\/theairpeople.fr\/fr\/wp-json\/wp\/v2\/pages\/8","targetHints":{"allow":["GET"]}}],"collection":[{"href":"https:\/\/theairpeople.fr\/fr\/wp-json\/wp\/v2\/pages"}],"about":[{"href":"https:\/\/theairpeople.fr\/fr\/wp-json\/wp\/v2\/types\/page"}],"author":[{"embeddable":true,"href":"https:\/\/theairpeople.fr\/fr\/wp-json\/wp\/v2\/users\/192361856"}],"replies":[{"embeddable":true,"href":"https:\/\/theairpeople.fr\/fr\/wp-json\/wp\/v2\/comments?post=8"}],"version-history":[{"count":61,"href":"https:\/\/theairpeople.fr\/fr\/wp-json\/wp\/v2\/pages\/8\/revisions"}],"predecessor-version":[{"id":4757,"href":"https:\/\/theairpeople.fr\/fr\/wp-json\/wp\/v2\/pages\/8\/revisions\/4757"}],"wp:attachment":[{"href":"https:\/\/theairpeople.fr\/fr\/wp-json\/wp\/v2\/media?parent=8"}],"curies":[{"name":"wp","href":"https:\/\/api.w.org\/{rel}","templated":true}]}}